{"id":6737,"date":"2024-02-02T21:58:37","date_gmt":"2024-02-02T21:58:37","guid":{"rendered":"https:\/\/maisqueinteressante.com.br\/?page_id=6737"},"modified":"2024-05-14T14:22:39","modified_gmt":"2024-05-14T14:22:39","slug":"about","status":"publish","type":"page","link":"https:\/\/maisqueinteressante.com.br\/de\/about\/","title":{"rendered":"An"},"content":{"rendered":"<div class=\"mx-5 sm:mx-0 prose leading-relaxed text-lg mb-5 text-left wp-paragraph\">\n<p>Willkommen bei Mais Que Interessante, unserem Bereich, der wertvolle Tipps, Einblicke in Karriere und Ausbildung, Sportanalysen, Rezensionen interessanter Apps und eine Prise Unterhaltung bietet. Unsere Website ist eine vertrauensw\u00fcrdige Quelle f\u00fcr Berufsberatung, pers\u00f6nliche Weiterentwicklung und praktische Tipps f\u00fcr den Alltag. <\/p>\n<\/div><div class=\"mx-5 sm:mx-0 prose leading-relaxed text-lg mb-5 text-left wp-paragraph\">\n<p>Dar\u00fcber hinaus tauchen wir in das Universum der Apps und Trends ein und bringen Analysen, Neuigkeiten und Kuriosit\u00e4ten zu verschiedenen Modalit\u00e4ten.<\/p>\n<\/div><div class=\"mx-5 sm:mx-0 prose leading-relaxed text-lg mb-5 text-left wp-paragraph\">\n<p>Wir m\u00f6chten Ihr Partner bei der Suche nach beruflichem und pers\u00f6nlichem Erfolg sein und relevante und inspirierende Inhalte bereitstellen, die Ihren Weg voranbringen und Ihre Routine erleichtern k\u00f6nnen. <\/p>\n<\/div><div class=\"mx-5 sm:mx-0 prose leading-relaxed text-lg mb-5 text-left wp-paragraph\">\n<p>Begleiten Sie uns auf dieser Reise des kontinuierlichen Lernens und Entdeckens, bei der Wissen auf Unterhaltung trifft, um Ihr Leben in jeder Hinsicht zu bereichern.<\/p>\n<\/div><!--advertisement--><div class=\"mx-5 sm:mx-0 sm:text-3xl text-2xl font-medium title-font mb-4 text-gray-900 text-left\">\n<h2 class=\"wp-block-heading\" id=\"h-nos-ajude-a-melhorar\">Helfen Sie uns, uns zu verbessern!<\/h2>\n<\/div><div class=\"mx-5 sm:mx-0 prose leading-relaxed text-lg mb-5 text-left wp-paragraph\">\n<p>Ihre Ideen, Kommentare und Vorschl\u00e4ge sind bei Mais Que Interessante immer willkommen! Um mit uns Kontakt aufzunehmen, senden Sie Ihre Nachricht <a style=\" color:;\" href=\"https:\/\/maisqueinteressante.com.br\/de\/contact\/\">Hier<\/a>. <\/p>\n<\/div>","protected":false},"excerpt":{"rendered":"<p>Willkommen bei \u201eMais Que Interessante\u201c, unserem Bereich mit wertvollen Tipps, Einblicken in Karriere und Bildung, Sportanalysen, Bewertungen interessanter Apps und einer Prise Unterhaltung. Unsere Website ist eine zuverl\u00e4ssige Quelle f\u00fcr Karriereberatung, pers\u00f6nliche Weiterentwicklung und praktische Tipps f\u00fcr den Alltag. Dar\u00fcber hinaus tauchen wir tief in die Welt der Apps ein\u2026 <a class=\"more-link\" href=\"https:\/\/maisqueinteressante.com.br\/de\/about\/\">Weiterlesen <span class=\"screen-reader-text\">An<\/span><\/a><\/p>","protected":false},"author":10,"featured_media":0,"parent":0,"menu_order":0,"comment_status":"closed","ping_status":"closed","template":"","meta":{"footnotes":""},"yoast_head":"<!-- This site is optimized with the Yoast SEO Premium plugin v18.7 (Yoast SEO v19.1) - https:\/\/yoast.com\/wordpress\/plugins\/seo\/ -->\n<title>Sobre - Mais Que Interessante<\/title>\n<meta name=\"robots\" content=\"index, follow, max-snippet:-1, max-image-preview:large, max-video-preview:-1\" \/>\n<link rel=\"canonical\" href=\"https:\/\/maisqueinteressante.com.br\/de\/about\/\" \/>\n<meta property=\"og:locale\" content=\"de_DE\" \/>\n<meta property=\"og:type\" content=\"article\" \/>\n<meta property=\"og:title\" content=\"Sobre\" \/>\n<meta property=\"og:description\" content=\"Bem-vindo ao Mais Que Interessante, nosso espa\u00e7o dedicado a oferecer dicas valiosas, insights sobre carreira e educa\u00e7\u00e3o, an\u00e1lises esportivas, reviews de apps interessantes e uma pitada de entretenimento. Nosso site \u00e9 uma fonte confi\u00e1vel para orienta\u00e7\u00f5es sobre carreira, aprimoramento pessoal, e dicas pr\u00e1ticas para o dia a dia. Al\u00e9m disso, mergulhamos no universo dos apps&hellip; Continue reading Sobre\" \/>\n<meta property=\"og:url\" content=\"https:\/\/maisqueinteressante.com.br\/de\/about\/\" \/>\n<meta property=\"og:site_name\" content=\"Mais Que Interessante\" \/>\n<meta property=\"article:modified_time\" content=\"2024-05-14T14:22:39+00:00\" \/>\n<meta name=\"twitter:card\" content=\"summary_large_image\" \/>\n<meta name=\"twitter:label1\" content=\"Est. reading time\" \/>\n\t<meta name=\"twitter:data1\" content=\"1 Minute\" \/>\n<script type=\"application\/ld+json\" class=\"yoast-schema-graph\">{\"@context\":\"https:\/\/schema.org\",\"@graph\":[{\"@type\":\"WebSite\",\"@id\":\"https:\/\/maisqueinteressante.com.br\/#website\",\"url\":\"https:\/\/maisqueinteressante.com.br\/\",\"name\":\"Mais Que Interessante\",\"description\":\"\",\"potentialAction\":[{\"@type\":\"SearchAction\",\"target\":{\"@type\":\"EntryPoint\",\"urlTemplate\":\"https:\/\/maisqueinteressante.com.br\/?s={search_term_string}\"},\"query-input\":\"required name=search_term_string\"}],\"inLanguage\":\"de-DE\"},{\"@type\":\"WebPage\",\"@id\":\"https:\/\/maisqueinteressante.com.br\/about\/#webpage\",\"url\":\"https:\/\/maisqueinteressante.com.br\/about\/\",\"name\":\"Sobre - Mais Que Interessante\",\"isPartOf\":{\"@id\":\"https:\/\/maisqueinteressante.com.br\/#website\"},\"datePublished\":\"2024-02-02T21:58:37+00:00\",\"dateModified\":\"2024-05-14T14:22:39+00:00\",\"breadcrumb\":{\"@id\":\"https:\/\/maisqueinteressante.com.br\/about\/#breadcrumb\"},\"inLanguage\":\"de-DE\",\"potentialAction\":[{\"@type\":\"ReadAction\",\"target\":[\"https:\/\/maisqueinteressante.com.br\/about\/\"]}]},{\"@type\":\"BreadcrumbList\",\"@id\":\"https:\/\/maisqueinteressante.com.br\/about\/#breadcrumb\",\"itemListElement\":[{\"@type\":\"ListItem\",\"position\":1,\"name\":\"Home\",\"item\":\"https:\/\/maisqueinteressante.com.br\/\"},{\"@type\":\"ListItem\",\"position\":2,\"name\":\"Sobre\"}]}]}<\/script>\n<!-- \/ Yoast SEO Premium plugin. -->","yoast_head_json":{"title":"Sobre - Mais Que Interessante","robots":{"index":"index","follow":"follow","max-snippet":"max-snippet:-1","max-image-preview":"max-image-preview:large","max-video-preview":"max-video-preview:-1"},"canonical":"https:\/\/maisqueinteressante.com.br\/de\/about\/","og_locale":"de_DE","og_type":"article","og_title":"Sobre","og_description":"Bem-vindo ao Mais Que Interessante, nosso espa\u00e7o dedicado a oferecer dicas valiosas, insights sobre carreira e educa\u00e7\u00e3o, an\u00e1lises esportivas, reviews de apps interessantes e uma pitada de entretenimento. Nosso site \u00e9 uma fonte confi\u00e1vel para orienta\u00e7\u00f5es sobre carreira, aprimoramento pessoal, e dicas pr\u00e1ticas para o dia a dia. Al\u00e9m disso, mergulhamos no universo dos apps&hellip; Continue reading Sobre","og_url":"https:\/\/maisqueinteressante.com.br\/de\/about\/","og_site_name":"Mais Que Interessante","article_modified_time":"2024-05-14T14:22:39+00:00","twitter_card":"summary_large_image","twitter_misc":{"Est. reading time":"1 Minute"},"schema":{"@context":"https:\/\/schema.org","@graph":[{"@type":"WebSite","@id":"https:\/\/maisqueinteressante.com.br\/#website","url":"https:\/\/maisqueinteressante.com.br\/","name":"Mais Que Interessante","description":"","potentialAction":[{"@type":"SearchAction","target":{"@type":"EntryPoint","urlTemplate":"https:\/\/maisqueinteressante.com.br\/?s={search_term_string}"},"query-input":"required name=search_term_string"}],"inLanguage":"de-DE"},{"@type":"WebPage","@id":"https:\/\/maisqueinteressante.com.br\/about\/#webpage","url":"https:\/\/maisqueinteressante.com.br\/about\/","name":"Sobre - Mais Que Interessante","isPartOf":{"@id":"https:\/\/maisqueinteressante.com.br\/#website"},"datePublished":"2024-02-02T21:58:37+00:00","dateModified":"2024-05-14T14:22:39+00:00","breadcrumb":{"@id":"https:\/\/maisqueinteressante.com.br\/about\/#breadcrumb"},"inLanguage":"de-DE","potentialAction":[{"@type":"ReadAction","target":["https:\/\/maisqueinteressante.com.br\/about\/"]}]},{"@type":"BreadcrumbList","@id":"https:\/\/maisqueinteressante.com.br\/about\/#breadcrumb","itemListElement":[{"@type":"ListItem","position":1,"name":"Home","item":"https:\/\/maisqueinteressante.com.br\/"},{"@type":"ListItem","position":2,"name":"Sobre"}]}]}},"_links":{"self":[{"href":"https:\/\/maisqueinteressante.com.br\/de\/wp-json\/wp\/v2\/pages\/6737"}],"collection":[{"href":"https:\/\/maisqueinteressante.com.br\/de\/wp-json\/wp\/v2\/pages"}],"about":[{"href":"https:\/\/maisqueinteressante.com.br\/de\/wp-json\/wp\/v2\/types\/page"}],"author":[{"embeddable":true,"href":"https:\/\/maisqueinteressante.com.br\/de\/wp-json\/wp\/v2\/users\/10"}],"replies":[{"embeddable":true,"href":"https:\/\/maisqueinteressante.com.br\/de\/wp-json\/wp\/v2\/comments?post=6737"}],"version-history":[{"count":0,"href":"https:\/\/maisqueinteressante.com.br\/de\/wp-json\/wp\/v2\/pages\/6737\/revisions"}],"wp:attachment":[{"href":"https:\/\/maisqueinteressante.com.br\/de\/wp-json\/wp\/v2\/media?parent=6737"}],"curies":[{"name":"wp","href":"https:\/\/api.w.org\/{rel}","templated":true}]}}