{"id":6737,"date":"2024-02-02T21:58:37","date_gmt":"2024-02-02T21:58:37","guid":{"rendered":"https:\/\/maisqueinteressante.com.br\/?page_id=6737"},"modified":"2024-05-14T14:22:39","modified_gmt":"2024-05-14T14:22:39","slug":"about","status":"publish","type":"page","link":"https:\/\/maisqueinteressante.com.br\/es\/about\/","title":{"rendered":"Acerca de"},"content":{"rendered":"<div class=\"mx-5 sm:mx-0 prose leading-relaxed text-lg mb-5 text-left wp-paragraph\">\n<p>Bienvenido a Mais Que Interessante, nuestro espacio dedicado a ofrecer valiosos consejos, informaci\u00f3n sobre carrera y educaci\u00f3n, an\u00e1lisis deportivos, rese\u00f1as de aplicaciones interesantes y una pizca de entretenimiento. Nuestro sitio web es una fuente confiable de orientaci\u00f3n profesional, superaci\u00f3n personal y consejos pr\u00e1cticos para la vida cotidiana. <\/p>\n<\/div><div class=\"mx-5 sm:mx-0 prose leading-relaxed text-lg mb-5 text-left wp-paragraph\">\n<p>Adem\u00e1s, nos adentramos en el universo de apps y tendencias, trayendo an\u00e1lisis, novedades y curiosidades sobre las diferentes modalidades.<\/p>\n<\/div><div class=\"mx-5 sm:mx-0 prose leading-relaxed text-lg mb-5 text-left wp-paragraph\">\n<p>Queremos ser tu socio en la b\u00fasqueda del \u00e9xito profesional y personal, brindando contenido relevante e inspirador que pueda impulsar tu trayectoria y hacer tu rutina m\u00e1s f\u00e1cil. <\/p>\n<\/div><div class=\"mx-5 sm:mx-0 prose leading-relaxed text-lg mb-5 text-left wp-paragraph\">\n<p>\u00danase a nosotros en este viaje de aprendizaje y descubrimiento continuo, donde el conocimiento se encuentra con el entretenimiento para enriquecer su vida en todos los aspectos.<\/p>\n<\/div><!--advertisement--><div class=\"mx-5 sm:mx-0 sm:text-3xl text-2xl font-medium title-font mb-4 text-gray-900 text-left\">\n<h2 class=\"wp-block-heading\" id=\"h-nos-ajude-a-melhorar\">\u00a1Ay\u00fadanos a mejorar!<\/h2>\n<\/div><div class=\"mx-5 sm:mx-0 prose leading-relaxed text-lg mb-5 text-left wp-paragraph\">\n<p>\u00a1Tus ideas, comentarios y sugerencias siempre son bienvenidas en Mais Que Interessante! Para contactarnos, env\u00eda tu mensaje <a style=\" color:;\" href=\"https:\/\/maisqueinteressante.com.br\/es\/contact\/\">aqu\u00ed<\/a>. <\/p>\n<\/div>","protected":false},"excerpt":{"rendered":"<p>Bienvenido a M\u00e1s Que Interesante, nuestro espacio dedicado a ofrecer valiosos consejos, perspectivas profesionales y educativas, an\u00e1lisis deportivos, rese\u00f1as de apps interesantes y un toque de entretenimiento. Nuestro sitio es una fuente confiable de orientaci\u00f3n profesional, desarrollo personal y consejos pr\u00e1cticos para el d\u00eda a d\u00eda. Adem\u00e1s, profundizamos en el mundo de las apps\u2026 <a class=\"more-link\" href=\"https:\/\/maisqueinteressante.com.br\/es\/about\/\">sigue leyendo <span class=\"screen-reader-text\">Acerca de<\/span><\/a><\/p>","protected":false},"author":10,"featured_media":0,"parent":0,"menu_order":0,"comment_status":"closed","ping_status":"closed","template":"","meta":{"footnotes":""},"yoast_head":"<!-- This site is optimized with the Yoast SEO Premium plugin v18.7 (Yoast SEO v19.1) - https:\/\/yoast.com\/wordpress\/plugins\/seo\/ -->\n<title>Sobre - Mais Que Interessante<\/title>\n<meta name=\"robots\" content=\"index, follow, max-snippet:-1, max-image-preview:large, max-video-preview:-1\" \/>\n<link rel=\"canonical\" href=\"https:\/\/maisqueinteressante.com.br\/es\/about\/\" \/>\n<meta property=\"og:locale\" content=\"es_MX\" \/>\n<meta property=\"og:type\" content=\"article\" \/>\n<meta property=\"og:title\" content=\"Sobre\" \/>\n<meta property=\"og:description\" content=\"Bem-vindo ao Mais Que Interessante, nosso espa\u00e7o dedicado a oferecer dicas valiosas, insights sobre carreira e educa\u00e7\u00e3o, an\u00e1lises esportivas, reviews de apps interessantes e uma pitada de entretenimento. Nosso site \u00e9 uma fonte confi\u00e1vel para orienta\u00e7\u00f5es sobre carreira, aprimoramento pessoal, e dicas pr\u00e1ticas para o dia a dia. Al\u00e9m disso, mergulhamos no universo dos apps&hellip; Continue reading Sobre\" \/>\n<meta property=\"og:url\" content=\"https:\/\/maisqueinteressante.com.br\/es\/about\/\" \/>\n<meta property=\"og:site_name\" content=\"Mais Que Interessante\" \/>\n<meta property=\"article:modified_time\" content=\"2024-05-14T14:22:39+00:00\" \/>\n<meta name=\"twitter:card\" content=\"summary_large_image\" \/>\n<meta name=\"twitter:label1\" content=\"Est. reading time\" \/>\n\t<meta name=\"twitter:data1\" content=\"1 minuto\" \/>\n<script type=\"application\/ld+json\" class=\"yoast-schema-graph\">{\"@context\":\"https:\/\/schema.org\",\"@graph\":[{\"@type\":\"WebSite\",\"@id\":\"https:\/\/maisqueinteressante.com.br\/#website\",\"url\":\"https:\/\/maisqueinteressante.com.br\/\",\"name\":\"Mais Que Interessante\",\"description\":\"\",\"potentialAction\":[{\"@type\":\"SearchAction\",\"target\":{\"@type\":\"EntryPoint\",\"urlTemplate\":\"https:\/\/maisqueinteressante.com.br\/?s={search_term_string}\"},\"query-input\":\"required name=search_term_string\"}],\"inLanguage\":\"es-MX\"},{\"@type\":\"WebPage\",\"@id\":\"https:\/\/maisqueinteressante.com.br\/about\/#webpage\",\"url\":\"https:\/\/maisqueinteressante.com.br\/about\/\",\"name\":\"Sobre - Mais Que Interessante\",\"isPartOf\":{\"@id\":\"https:\/\/maisqueinteressante.com.br\/#website\"},\"datePublished\":\"2024-02-02T21:58:37+00:00\",\"dateModified\":\"2024-05-14T14:22:39+00:00\",\"breadcrumb\":{\"@id\":\"https:\/\/maisqueinteressante.com.br\/about\/#breadcrumb\"},\"inLanguage\":\"es-MX\",\"potentialAction\":[{\"@type\":\"ReadAction\",\"target\":[\"https:\/\/maisqueinteressante.com.br\/about\/\"]}]},{\"@type\":\"BreadcrumbList\",\"@id\":\"https:\/\/maisqueinteressante.com.br\/about\/#breadcrumb\",\"itemListElement\":[{\"@type\":\"ListItem\",\"position\":1,\"name\":\"Home\",\"item\":\"https:\/\/maisqueinteressante.com.br\/\"},{\"@type\":\"ListItem\",\"position\":2,\"name\":\"Sobre\"}]}]}<\/script>\n<!-- \/ Yoast SEO Premium plugin. -->","yoast_head_json":{"title":"Sobre - Mais Que Interessante","robots":{"index":"index","follow":"follow","max-snippet":"max-snippet:-1","max-image-preview":"max-image-preview:large","max-video-preview":"max-video-preview:-1"},"canonical":"https:\/\/maisqueinteressante.com.br\/es\/about\/","og_locale":"es_MX","og_type":"article","og_title":"Sobre","og_description":"Bem-vindo ao Mais Que Interessante, nosso espa\u00e7o dedicado a oferecer dicas valiosas, insights sobre carreira e educa\u00e7\u00e3o, an\u00e1lises esportivas, reviews de apps interessantes e uma pitada de entretenimento. Nosso site \u00e9 uma fonte confi\u00e1vel para orienta\u00e7\u00f5es sobre carreira, aprimoramento pessoal, e dicas pr\u00e1ticas para o dia a dia. Al\u00e9m disso, mergulhamos no universo dos apps&hellip; Continue reading Sobre","og_url":"https:\/\/maisqueinteressante.com.br\/es\/about\/","og_site_name":"Mais Que Interessante","article_modified_time":"2024-05-14T14:22:39+00:00","twitter_card":"summary_large_image","twitter_misc":{"Est. reading time":"1 minuto"},"schema":{"@context":"https:\/\/schema.org","@graph":[{"@type":"WebSite","@id":"https:\/\/maisqueinteressante.com.br\/#website","url":"https:\/\/maisqueinteressante.com.br\/","name":"Mais Que Interessante","description":"","potentialAction":[{"@type":"SearchAction","target":{"@type":"EntryPoint","urlTemplate":"https:\/\/maisqueinteressante.com.br\/?s={search_term_string}"},"query-input":"required name=search_term_string"}],"inLanguage":"es-MX"},{"@type":"WebPage","@id":"https:\/\/maisqueinteressante.com.br\/about\/#webpage","url":"https:\/\/maisqueinteressante.com.br\/about\/","name":"Sobre - Mais Que Interessante","isPartOf":{"@id":"https:\/\/maisqueinteressante.com.br\/#website"},"datePublished":"2024-02-02T21:58:37+00:00","dateModified":"2024-05-14T14:22:39+00:00","breadcrumb":{"@id":"https:\/\/maisqueinteressante.com.br\/about\/#breadcrumb"},"inLanguage":"es-MX","potentialAction":[{"@type":"ReadAction","target":["https:\/\/maisqueinteressante.com.br\/about\/"]}]},{"@type":"BreadcrumbList","@id":"https:\/\/maisqueinteressante.com.br\/about\/#breadcrumb","itemListElement":[{"@type":"ListItem","position":1,"name":"Home","item":"https:\/\/maisqueinteressante.com.br\/"},{"@type":"ListItem","position":2,"name":"Sobre"}]}]}},"_links":{"self":[{"href":"https:\/\/maisqueinteressante.com.br\/es\/wp-json\/wp\/v2\/pages\/6737"}],"collection":[{"href":"https:\/\/maisqueinteressante.com.br\/es\/wp-json\/wp\/v2\/pages"}],"about":[{"href":"https:\/\/maisqueinteressante.com.br\/es\/wp-json\/wp\/v2\/types\/page"}],"author":[{"embeddable":true,"href":"https:\/\/maisqueinteressante.com.br\/es\/wp-json\/wp\/v2\/users\/10"}],"replies":[{"embeddable":true,"href":"https:\/\/maisqueinteressante.com.br\/es\/wp-json\/wp\/v2\/comments?post=6737"}],"version-history":[{"count":0,"href":"https:\/\/maisqueinteressante.com.br\/es\/wp-json\/wp\/v2\/pages\/6737\/revisions"}],"wp:attachment":[{"href":"https:\/\/maisqueinteressante.com.br\/es\/wp-json\/wp\/v2\/media?parent=6737"}],"curies":[{"name":"wp","href":"https:\/\/api.w.org\/{rel}","templated":true}]}}