{"id":6736,"date":"2024-02-02T22:16:27","date_gmt":"2024-02-02T22:16:27","guid":{"rendered":"https:\/\/maisqueinteressante.com.br\/?page_id=6736"},"modified":"2024-02-26T20:16:04","modified_gmt":"2024-02-26T20:16:04","slug":"terms","status":"publish","type":"page","link":"https:\/\/maisqueinteressante.com.br\/it\/terms\/","title":{"rendered":"TERMINI E CONDIZIONI GENERALI DI UTILIZZO"},"content":{"rendered":"<div class=\"mx-5 sm:mx-0 prose leading-relaxed text-lg mb-5 text-left wp-paragraph\">\n<p>Aggiornato il 2 febbraio 2024.<\/p>\n<\/div><div class=\"mx-5 sm:mx-0 prose leading-relaxed text-lg mb-5 text-left wp-paragraph\">\n<p>Il portale Mais que Interessante \u00e8 il creatore, proprietario e manutentore del sito web Mais que Interessante, il cui dominio \u00e8 <a style=\" color:;\" href=\"https:\/\/maisqueinteressante.com.br\/it\/\">https:\/\/maisqueinteressante.com.br\/<\/a><\/p>\n<\/div><div class=\"mx-5 sm:mx-0 prose leading-relaxed text-lg mb-5 text-left wp-paragraph\">\n<p>Il portale Mais que Interessante \u00e8 una piattaforma che copre una variet\u00e0 di contenuti, tra cui notizie, approfondimenti sportivi, orientamento professionale, offerte di lavoro esclusive, servizi, promozioni e varie utilit\u00e0. La gestione di questo spazio \u00e8 condotta dal team responsabile di Mais que Interessante, rappresentato dal termine \u201cnoi\u201d in questo contesto specifico.<\/p>\n<\/div><div class=\"mx-5 sm:mx-0 prose leading-relaxed text-lg mb-5 text-left wp-paragraph\">\n<p>L&#039;accesso e l&#039;utilizzo di questo portale sono soggetti ai termini, alle condizioni e alle politiche descritte in questo documento. <strong>Accedendo al portale l&#039;utente esprime il proprio accordo con tutte le disposizioni in esso contenute.<\/strong><\/p>\n<\/div><div class=\"mx-5 sm:mx-0 prose leading-relaxed text-lg mb-5 text-left wp-paragraph\">\n<p>Il team di Mais que Interessante si riserva il diritto di modificare questi termini in qualsiasi momento, senza preavviso. Tali modifiche saranno pubblicate sul portale ed entreranno in vigore immediatamente.<\/p>\n<\/div><div class=\"mx-5 sm:mx-0 prose leading-relaxed text-lg mb-5 text-left wp-paragraph\">\n<p>Gli utenti sono pienamente responsabili del loro comportamento all&#039;interno del portale. Mais que Interessante non si assume alcuna responsabilit\u00e0 per eventuali danni o perdite causati dall&#039;utente a se stesso o a terzi.<\/p>\n<\/div><div class=\"mx-5 sm:mx-0 prose leading-relaxed text-lg mb-5 text-left wp-paragraph\">\n<p>Agli utenti \u00e8 vietato:<\/p>\n<\/div><div class=\"mx-5 sm:mx-0 prose text-left mb-5\">\n<ul><div class=\"mx-5 sm:mx-0 prose text-left mb-5\">\n<li>Pubblicare contenuti illegali, diffamatori, osceni o che violino i diritti di terzi.<\/li>\n<\/div>\n\n<div class=\"mx-5 sm:mx-0 prose text-left mb-5\">\n<li>Utilizzare il portale per scopi commerciali o per promuovere prodotti o servizi di terzi.<\/li>\n<\/div>\n\n<div class=\"mx-5 sm:mx-0 prose text-left mb-5\">\n<li>Interferire con il funzionamento del portale o dei servizi offerti all&#039;interno della piattaforma.&nbsp;<\/li>\n<\/div><\/ul>\n<\/div><div class=\"mx-5 sm:mx-0 prose leading-relaxed text-lg mb-5 text-left wp-paragraph\">\n<p>Mais que Interessante raccoglie e utilizza i dati personali degli utenti per l&#039;identificazione, la registrazione e la fornitura di servizi. La nostra Informativa sulla privacy, disponibile all&#039;indirizzo <a style=\" color:;\" href=\"https:\/\/maisqueinteressante.com.br\/it\/privacy\/\">https:\/\/maisqueinteressante.com.br\/privacy\/<\/a>, descrive in dettaglio le modalit\u00e0 con cui i dati personali vengono raccolti, utilizzati e protetti dalla societ\u00e0.<\/p>\n<\/div><div class=\"mx-5 sm:mx-0 prose leading-relaxed text-lg mb-5 text-left wp-paragraph\">\n<p><strong>Accedendo e utilizzando Mais que Interessante, l&#039;utente accetta i termini e le condizioni stabiliti nel presente documento. Se l&#039;utente non \u00e8 d&#039;accordo dovr\u00e0 astenersi dall&#039;accedere al portale.<\/strong><\/p>\n<\/div><!--advertisement--><div class=\"mx-5 sm:mx-0 sm:text-3xl text-2xl font-medium title-font mb-4 text-gray-900 text-left\">\n<h2 class=\"wp-block-heading\" id=\"h-secao-i-admissao\">Sezione I \u2013 Ammissione<\/h2>\n<\/div><div class=\"mx-5 sm:mx-0 prose leading-relaxed text-lg mb-5 text-left wp-paragraph\">\n<p>Quando sceglie di esplorare i contenuti offerti sul portale Mais que Interessante e di usufruire dei suoi servizi, l&#039;utente \u00e8 soggetto alle seguenti condizioni:<\/p>\n<\/div><div class=\"mx-5 sm:mx-0 prose text-left mb-5\">\n<ul><div class=\"mx-5 sm:mx-0 prose text-left mb-5\">\n<li>Accetta le Condizioni Generali d&#039;Uso, nonch\u00e9 l&#039;Informativa sulla Privacy.<\/li>\n<\/div>\n\n<div class=\"mx-5 sm:mx-0 prose text-left mb-5\">\n<li>Avere almeno 18 anni e avere piena capacit\u00e0 civile.<\/li>\n<\/div>\n\n<div class=\"mx-5 sm:mx-0 prose text-left mb-5\">\n<li>Se questi requisiti non vengono soddisfatti, si raccomanda all&#039;utente di astenersi dall&#039;accedere o dall&#039;utilizzare i servizi forniti dal portale Mais que Interessante.<br><\/li>\n<\/div><\/ul>\n<\/div><!--advertisement--><div class=\"mx-5 sm:mx-0 sm:text-3xl text-2xl font-medium title-font mb-4 text-gray-900 text-left\">\n<h2 class=\"wp-block-heading\">Sezione II \u2013 Moduli di contatto<\/h2>\n<\/div><div class=\"mx-5 sm:mx-0 prose leading-relaxed text-lg mb-5 text-left wp-paragraph\">\n<p>Per stabilire la comunicazione, l&#039;utente ha a disposizione il modulo sul portale Mais que Interessante, accessibile tramite il link <a style=\" color:;\" href=\"https:\/\/maisqueinteressante.com.br\/it\/contact\/\" target=\"_blank\" rel=\"noreferrer noopener\">https:\/\/maisqueinteressante.com.br\/contact\/<\/a>.<\/p>\n<\/div><div class=\"mx-5 sm:mx-0 prose leading-relaxed text-lg mb-5 text-left wp-paragraph\">\n<p>Il nostro team di supporto \u00e8 pronto ad aiutare a chiarire dubbi, risolvere problemi o ricevere feedback.<\/p>\n<\/div><!--advertisement--><div class=\"mx-5 sm:mx-0 sm:text-3xl text-2xl font-medium title-font mb-4 text-gray-900 text-left\">\n<h2 class=\"wp-block-heading\">Sezione III \u2013 Responsabilit\u00e0 reciproche<\/h2>\n<\/div><div class=\"mx-5 sm:mx-0 prose leading-relaxed text-lg mb-5 text-left wp-paragraph\">\n<p><strong>3.1 Accettazione<\/strong><\/p>\n<\/div><div class=\"mx-5 sm:mx-0 prose leading-relaxed text-lg mb-5 text-left wp-paragraph\">\n<p>Utilizzando i servizi Mais que Interessante, l&#039;utente dichiara di aver letto, compreso e accettato i Termini e Condizioni d&#039;Uso, nonch\u00e9 le <a style=\" color:;\" href=\"https:\/\/maisqueinteressante.com.br\/it\/privacy\/\">politica sulla riservatezza<\/a>.<\/p>\n<\/div><div class=\"mx-5 sm:mx-0 prose leading-relaxed text-lg mb-5 text-left wp-paragraph\">\n<p><strong>3.2 Collegamenti a siti esterni<\/strong><\/p>\n<\/div><div class=\"mx-5 sm:mx-0 prose leading-relaxed text-lg mb-5 text-left wp-paragraph\">\n<p>Il portale Mais que Interessante offre collegamenti a pagine esterne, dove gli utenti possono acquistare servizi, trovare offerte di lavoro o prodotti direttamente dai rispettivi fornitori. Non siamo responsabili per le politiche o i termini di utilizzo di questi siti, n\u00e9 per il contenuto o le offerte pubblicizzate.<\/p>\n<\/div><div class=\"mx-5 sm:mx-0 prose leading-relaxed text-lg mb-5 text-left wp-paragraph\">\n<p>Spetta all&#039;utente rivedere i termini e le politiche di queste piattaforme prima di effettuare qualsiasi transazione.<\/p>\n<\/div><div class=\"mx-5 sm:mx-0 prose leading-relaxed text-lg mb-5 text-left wp-paragraph\">\n<p><strong>3.3 Sicurezza della navigazione<\/strong><\/p>\n<\/div><div class=\"mx-5 sm:mx-0 prose leading-relaxed text-lg mb-5 text-left wp-paragraph\">\n<p>Non siamo responsabili per danni derivanti da virus o software dannosi ottenuti durante la navigazione online o il trasferimento di dati. Raccomandiamo all&#039;utente di adottare precauzioni adeguate per proteggere il proprio sistema, come l&#039;utilizzo di antivirus e firewall aggiornati.<\/p>\n<\/div><div class=\"mx-5 sm:mx-0 prose leading-relaxed text-lg mb-5 text-left wp-paragraph\">\n<p><strong>3.4 Uso corretto<\/strong><\/p>\n<\/div><div class=\"mx-5 sm:mx-0 prose leading-relaxed text-lg mb-5 text-left wp-paragraph\">\n<p>More than Interesting non si assume alcuna responsabilit\u00e0 per danni derivanti da un uso inappropriato del sito web o da eventi al di fuori del nostro controllo.<\/p>\n<\/div><div class=\"mx-5 sm:mx-0 prose leading-relaxed text-lg mb-5 text-left wp-paragraph\">\n<p><strong>3.5 Transazioni finanziarie<\/strong><\/p>\n<\/div><div class=\"mx-5 sm:mx-0 prose leading-relaxed text-lg mb-5 text-left wp-paragraph\">\n<p>Non richiediamo depositi o bonifici bancari per approvare o concedere prodotti finanziari. Qualsiasi richiesta in tal senso deve essere trattata con cautela, poich\u00e9 potrebbe trattarsi di un tentativo fraudolento.<\/p>\n<\/div><div class=\"mx-5 sm:mx-0 prose leading-relaxed text-lg mb-5 text-left wp-paragraph\">\n<p><strong>3.6 Comunicazioni sospette<\/strong><\/p>\n<\/div><div class=\"mx-5 sm:mx-0 prose leading-relaxed text-lg mb-5 text-left wp-paragraph\">\n<p>Non inviamo e-mail con la richiesta di informazioni personali o di registrazione, n\u00e9 allegati o collegamenti per il download. Se l&#039;utente riceve comunicazioni di questo tipo, chiediamo di contattarci <a style=\" color:;\" href=\"https:\/\/maisqueinteressante.com.br\/it\/contact\/\">contatto<\/a> con noi immediatamente.<\/p>\n<\/div><!--advertisement--><div class=\"mx-5 sm:mx-0 sm:text-3xl text-2xl font-medium title-font mb-4 text-gray-900 text-left\">\n<h2 class=\"wp-block-heading\">Sezione IV \u2013 Condizioni d&#039;Uso e Limitazioni<\/h2>\n<\/div><div class=\"mx-5 sm:mx-0 prose leading-relaxed text-lg mb-5 text-left wp-paragraph\">\n<p>Per accedere e utilizzare i nostri servizi e contenuti, l&#039;utente deve rispettare le seguenti condizioni e restrizioni:<\/p>\n<\/div><div class=\"mx-5 sm:mx-0 prose text-left mb-5\">\n<ol><div class=\"mx-5 sm:mx-0 prose text-left mb-5\">\n<li><strong>Uso legale: <\/strong>I nostri servizi devono essere utilizzati legalmente e non \u00e8 consentita la promozione di attivit\u00e0 illegali, come pornografia, violenza o incitamento all&#039;odio.<\/li>\n<\/div>\n\n<div class=\"mx-5 sm:mx-0 prose text-left mb-5\">\n<li><strong>Rispetto della legge: <\/strong>L&#039;utente deve rispettare tutte le leggi e i regolamenti applicabili, comprese le leggi locali, statali, federali, provinciali o internazionali.<\/li>\n<\/div>\n\n<div class=\"mx-5 sm:mx-0 prose text-left mb-5\">\n<li><strong>Rispetto della propriet\u00e0 intellettuale: <\/strong>\u00c8 vietato violare i diritti di propriet\u00e0 intellettuale di Mais que Interessante o di terzi, inclusa la riproduzione o distribuzione dei contenuti senza autorizzazione.<\/li>\n<\/div>\n\n<div class=\"mx-5 sm:mx-0 prose text-left mb-5\">\n<li><strong>Comportamento etico: <\/strong>L&#039;utente deve tenere un comportamento etico, evitando qualsiasi forma di discriminazione, abuso o offesa.<\/li>\n<\/div>\n\n<div class=\"mx-5 sm:mx-0 prose text-left mb-5\">\n<li><strong>Veridicit\u00e0 delle informazioni:<\/strong> L&#039;utente \u00e8 tenuto a fornire informazioni accurate e veritiere, astenendosi dal divulgare dati falsi o fuorvianti.<\/li>\n<\/div>\n\n<div class=\"mx-5 sm:mx-0 prose text-left mb-5\">\n<li><strong>Sicurezza:<\/strong> \u00c8 vietata la diffusione di virus o programmi dannosi che potrebbero danneggiare il funzionamento dei nostri servizi o di altri siti web.<\/li>\n<\/div>\n\n<div class=\"mx-5 sm:mx-0 prose text-left mb-5\">\n<li><strong>Rispetto della privacy:<\/strong> L&#039;utente non deve raccogliere o tracciare dati personali di soggetti terzi senza adeguato consenso.<\/li>\n<\/div>\n\n<div class=\"mx-5 sm:mx-0 prose text-left mb-5\">\n<li><strong>Attivit\u00e0 illegali:<\/strong> \u00c8 severamente vietata la pratica di spam, phishing, pharm, pretext, spider, crawl o scrape, nonch\u00e9 qualsiasi altra attivit\u00e0 illegale o dannosa.<\/li>\n<\/div>\n\n<div class=\"mx-5 sm:mx-0 prose text-left mb-5\">\n<li><strong>Scopi impropri:<\/strong> L&#039;uso dei nostri servizi per scopi osceni o immorali, come la distribuzione di contenuti sessualmente espliciti o la promozione della violenza, \u00e8 severamente vietato.<\/li>\n<\/div>\n\n<div class=\"mx-5 sm:mx-0 prose text-left mb-5\">\n<li><strong>Integrit\u00e0 tecnica: <\/strong>L&#039;utente non deve interferire o eludere le misure di sicurezza dei nostri servizi o di altri siti web.<\/li>\n<\/div><\/ol>\n<\/div><div class=\"mx-5 sm:mx-0 prose leading-relaxed text-lg mb-5 text-left wp-paragraph\">\n<p>Conseguenze della violazione delle restrizioni: Mais que Interessante si riserva il diritto di sospendere l&#039;accesso ai nostri servizi e a qualsiasi sito web associato in caso di violazione di queste restrizioni.<\/p>\n<\/div><!--advertisement--><div class=\"mx-5 sm:mx-0 sm:text-3xl text-2xl font-medium title-font mb-4 text-gray-900 text-left\">\n<h2 class=\"wp-block-heading\">Sezione V \u2013 Limitazioni di responsabilit\u00e0 e garanzie<\/h2>\n<\/div><div class=\"mx-5 sm:mx-0 prose leading-relaxed text-lg mb-5 text-left wp-paragraph\">\n<p>Mais que Interessante fornisce i propri servizi senza offrire garanzie di alcuna natura, esplicite o implicite, incluse, ma non limitate a, garanzie di idoneit\u00e0 per scopi specifici, commerciabilit\u00e0 o non violazione. L&#039;utente riconosce che l&#039;utilizzo dei servizi del sito web Mais que Interessante pu\u00f2 comportare rischi, tra cui la possibilit\u00e0 di errori, interruzioni e sospensioni.<\/p>\n<\/div><div class=\"mx-5 sm:mx-0 prose leading-relaxed text-lg mb-5 text-left wp-paragraph\">\n<p>La responsabilit\u00e0 per eventuali danni o perdite derivanti dall&#039;utilizzo dei servizi Mais que Interessante spetta esclusivamente all&#039;utente. Mais que Interessante, i suoi direttori, dipendenti o partner non saranno responsabili per danni indiretti, incidentali, speciali o consequenziali, inclusi, ma non limitati a, perdita di profitti, dati o altre perdite immateriali.<\/p>\n<\/div><div class=\"mx-5 sm:mx-0 prose leading-relaxed text-lg mb-5 text-left wp-paragraph\">\n<p>Nelle aree in cui non \u00e8 consentita l&#039;esclusione o la limitazione della responsabilit\u00e0 per danni consequenziali o incidentali, la responsabilit\u00e0 di Mais que Interessante sar\u00e0 limitata nella misura massima consentita dalla legge applicabile.<\/p>\n<\/div><!--advertisement--><div class=\"mx-5 sm:mx-0 sm:text-3xl text-2xl font-medium title-font mb-4 text-gray-900 text-left\">\n<h2 class=\"wp-block-heading\">Sezione VI \u2013 Validit\u00e0 e scadenza<\/h2>\n<\/div><div class=\"mx-5 sm:mx-0 prose leading-relaxed text-lg mb-5 text-left wp-paragraph\">\n<p>In caso di reclamo relativo all&#039;utilizzo del sito Mais que Interessante, l&#039;utente dovr\u00e0 intentare un&#039;azione giudiziale o stragiudiziale entro 90 giorni dalla data dell&#039;evento che ha dato origine al reclamo. Le Condizioni Generali di Utilizzo del sito Mais que Interessante restano in vigore per un periodo di tempo indeterminato.<\/p>\n<\/div><!--advertisement--><div class=\"mx-5 sm:mx-0 sm:text-3xl text-2xl font-medium title-font mb-4 text-gray-900 text-left\">\n<h2 class=\"wp-block-heading\">Sezione VII \u2013 Legislazione e foro competente<\/h2>\n<\/div><div class=\"mx-5 sm:mx-0 prose leading-relaxed text-lg mb-5 text-left wp-paragraph\">\n<p><strong>7.1<\/strong> Le Condizioni Generali d&#039;Uso di Mais que Interessante e l&#039;Informativa sulla Privacy sono regolate dalle leggi della Repubblica Federativa del Brasile, che coprono la Costituzione Federale, il Codice Civile, il Codice di Tutela dei Consumatori, la Legge Generale del Marco Civil da Internet e la legge generale sulla protezione dei dati.<\/p>\n<\/div><div class=\"mx-5 sm:mx-0 prose leading-relaxed text-lg mb-5 text-left wp-paragraph\">\n<p><strong>7.2<\/strong> In caso di controversia derivante dai Termini di utilizzo o dall&#039;Informativa sulla privacy, le parti concordano di sottoporsi esclusivamente alla giurisdizione della Camera di commercio di Tallinn, Estonia (Corte arbitrale della Camera di commercio e industria estone).<\/p>\n<\/div><!--advertisement--><div class=\"mx-5 sm:mx-0 sm:text-3xl text-2xl font-medium title-font mb-4 text-gray-900 text-left\">\n<h2 class=\"wp-block-heading\">Sezione VIII \u2013 Contenuti e diritti intellettuali<\/h2>\n<\/div><div class=\"mx-5 sm:mx-0 prose leading-relaxed text-lg mb-5 text-left wp-paragraph\">\n<p>Il contenuto di Mais que Interessante, che comprende testi, immagini, video e altri materiali, \u00e8 di propriet\u00e0 di Mais que Interessante e dei suoi collaboratori, protetto dalle norme sul diritto d&#039;autore e sulla propriet\u00e0 intellettuale.<\/p>\n<\/div><div class=\"mx-5 sm:mx-0 prose leading-relaxed text-lg mb-5 text-left wp-paragraph\">\n<p>Qualsiasi riproduzione, modifica, distribuzione, esposizione o creazione di opere derivate basate sul contenuto del portale senza l&#039;espressa autorizzazione di Mais que Interessante \u00e8 severamente vietata.<br><\/p>\n<\/div><div class=\"mx-5 sm:mx-0 prose leading-relaxed text-lg mb-5 text-left wp-paragraph\">\n<p>Mais que Interessante non si assume la responsabilit\u00e0 per i contenuti generati da terzi, come commenti e post su forum o social network. La societ\u00e0 non \u00e8 inoltre responsabile per danni derivanti dall&#039;utilizzo del sito web, siano essi diretti, indiretti, incidentali o consequenziali.<br><\/p>\n<\/div><div class=\"mx-5 sm:mx-0 prose leading-relaxed text-lg mb-5 text-left wp-paragraph\">\n<p>Mais que Interessante si riserva il diritto di rimuovere i contenuti che violano queste condizioni, in particolare quelli considerati illegali, offensivi, diffamatori o che violano i diritti di terzi. Inoltre, la societ\u00e0 pu\u00f2 chiudere gli account degli utenti che non rispettano queste condizioni.<\/p>\n<\/div><!--advertisement--><div class=\"mx-5 sm:mx-0 sm:text-3xl text-2xl font-medium title-font mb-4 text-gray-900 text-left\">\n<h2 class=\"wp-block-heading\">Sezione IX \u2013 Modifiche ai Termini e Condizioni<\/h2>\n<\/div><div class=\"mx-5 sm:mx-0 prose leading-relaxed text-lg mb-5 text-left wp-paragraph\">\n<p>I servizi offerti da Mais que Interessante potranno essere modificati o addirittura sospesi in qualsiasi momento, senza preavviso. Mais que Interessante non si assume alcuna responsabilit\u00e0 nei confronti degli utenti o di terzi per tali modifiche.<\/p>\n<\/div><div class=\"mx-5 sm:mx-0 prose leading-relaxed text-lg mb-5 text-left wp-paragraph\">\n<p><strong>L&#039;accettazione dei presenti Termini e Condizioni \u00e8 una condizione irrevocabile per l&#039;utilizzo del sito Mais que Interessante. Gli utenti che non concordano con queste condizioni devono astenersi dall&#039;utilizzare il sito web.<\/strong><\/p>\n<\/div><!--advertisement--><div class=\"mx-5 sm:mx-0 sm:text-3xl text-2xl font-medium title-font mb-4 text-gray-900 text-left\">\n<h2 class=\"wp-block-heading\">Sezione X \u2013 Informazioni di contatto<\/h2>\n<\/div><div class=\"mx-5 sm:mx-0 prose leading-relaxed text-lg mb-5 text-left wp-paragraph\">\n<p>Servizio Clienti: Se l&#039;utente ha suggerimenti o reclami riguardo al contenuto e ai servizi del sito web Mais que Interessante, consigliamo di contattare il nostro servizio clienti attraverso il canale <a style=\" color:;\" href=\"https:\/\/maisqueinteressante.com.br\/it\/contact\/\" target=\"_blank\" rel=\"noreferrer noopener\">https:\/\/maisqueinteressante.com.br\/contact\/<\/a>.<\/p>\n<\/div>","protected":false},"excerpt":{"rendered":"<p>Aggiornato il 2 febbraio 2024. Il portale Mais que Interessante \u00e8 il creatore, proprietario e gestore del sito web Mais que Interessante, il cui dominio \u00e8 https:\/\/maisqueinteressante.com.br\/. Il portale Mais que Interessante \u00e8 una piattaforma che offre una variet\u00e0 di contenuti, tra cui notizie, approfondimenti sportivi, orientamento professionale, offerte di lavoro esclusive, servizi, promozioni e varie utilit\u00e0.\u2026 <a class=\"more-link\" href=\"https:\/\/maisqueinteressante.com.br\/it\/terms\/\">Continua a leggere <span class=\"screen-reader-text\">TERMINI E CONDIZIONI GENERALI DI UTILIZZO<\/span><\/a><\/p>","protected":false},"author":10,"featured_media":0,"parent":0,"menu_order":0,"comment_status":"closed","ping_status":"closed","template":"","meta":{"footnotes":""},"yoast_head":"<!-- This site is optimized with the Yoast SEO Premium plugin v18.7 (Yoast SEO v19.1) - https:\/\/yoast.com\/wordpress\/plugins\/seo\/ -->\n<title>TERMOS E CONDI\u00c7\u00d5ES GERAIS DE USO - Mais Que Interessante<\/title>\n<meta name=\"robots\" content=\"index, follow, max-snippet:-1, max-image-preview:large, max-video-preview:-1\" \/>\n<link rel=\"canonical\" href=\"https:\/\/maisqueinteressante.com.br\/it\/terms\/\" \/>\n<meta property=\"og:locale\" content=\"it_IT\" \/>\n<meta property=\"og:type\" content=\"article\" \/>\n<meta property=\"og:title\" content=\"TERMOS E CONDI\u00c7\u00d5ES GERAIS DE USO\" \/>\n<meta property=\"og:description\" content=\"Atualizado em 02 de Fevereiro de 2024. O Portal Mais que Interessante \u00e9 criador, titular e mantenedor do site Mais que Interessante, cujo dom\u00ednio \u00e9 https:\/\/maisqueinteressante.com.br\/ O portal Mais que Interessante \u00e9 uma plataforma que abrange uma variedade de conte\u00fados, incluindo not\u00edcias, insights esportivos, orienta\u00e7\u00f5es profissionais, ofertas exclusivas de vagas, servi\u00e7os, promo\u00e7\u00f5es e utilidades diversas.&hellip; Continue reading TERMOS E CONDI\u00c7\u00d5ES GERAIS DE USO\" \/>\n<meta property=\"og:url\" content=\"https:\/\/maisqueinteressante.com.br\/it\/terms\/\" \/>\n<meta property=\"og:site_name\" content=\"Mais Que Interessante\" \/>\n<meta property=\"article:modified_time\" content=\"2024-02-26T20:16:04+00:00\" \/>\n<meta name=\"twitter:card\" content=\"summary_large_image\" \/>\n<meta name=\"twitter:label1\" content=\"Est. reading time\" \/>\n\t<meta name=\"twitter:data1\" content=\"9 minuti\" \/>\n<script type=\"application\/ld+json\" class=\"yoast-schema-graph\">{\"@context\":\"https:\/\/schema.org\",\"@graph\":[{\"@type\":\"WebSite\",\"@id\":\"https:\/\/maisqueinteressante.com.br\/#website\",\"url\":\"https:\/\/maisqueinteressante.com.br\/\",\"name\":\"Mais Que Interessante\",\"description\":\"\",\"potentialAction\":[{\"@type\":\"SearchAction\",\"target\":{\"@type\":\"EntryPoint\",\"urlTemplate\":\"https:\/\/maisqueinteressante.com.br\/?s={search_term_string}\"},\"query-input\":\"required name=search_term_string\"}],\"inLanguage\":\"it-IT\"},{\"@type\":\"WebPage\",\"@id\":\"https:\/\/maisqueinteressante.com.br\/terms\/#webpage\",\"url\":\"https:\/\/maisqueinteressante.com.br\/terms\/\",\"name\":\"TERMOS E CONDI\u00c7\u00d5ES GERAIS DE USO - Mais Que Interessante\",\"isPartOf\":{\"@id\":\"https:\/\/maisqueinteressante.com.br\/#website\"},\"datePublished\":\"2024-02-02T22:16:27+00:00\",\"dateModified\":\"2024-02-26T20:16:04+00:00\",\"breadcrumb\":{\"@id\":\"https:\/\/maisqueinteressante.com.br\/terms\/#breadcrumb\"},\"inLanguage\":\"it-IT\",\"potentialAction\":[{\"@type\":\"ReadAction\",\"target\":[\"https:\/\/maisqueinteressante.com.br\/terms\/\"]}]},{\"@type\":\"BreadcrumbList\",\"@id\":\"https:\/\/maisqueinteressante.com.br\/terms\/#breadcrumb\",\"itemListElement\":[{\"@type\":\"ListItem\",\"position\":1,\"name\":\"Home\",\"item\":\"https:\/\/maisqueinteressante.com.br\/\"},{\"@type\":\"ListItem\",\"position\":2,\"name\":\"TERMOS E CONDI\u00c7\u00d5ES GERAIS DE USO\"}]}]}<\/script>\n<!-- \/ Yoast SEO Premium plugin. -->","yoast_head_json":{"title":"TERMOS E CONDI\u00c7\u00d5ES GERAIS DE USO - Mais Que Interessante","robots":{"index":"index","follow":"follow","max-snippet":"max-snippet:-1","max-image-preview":"max-image-preview:large","max-video-preview":"max-video-preview:-1"},"canonical":"https:\/\/maisqueinteressante.com.br\/it\/terms\/","og_locale":"it_IT","og_type":"article","og_title":"TERMOS E CONDI\u00c7\u00d5ES GERAIS DE USO","og_description":"Atualizado em 02 de Fevereiro de 2024. O Portal Mais que Interessante \u00e9 criador, titular e mantenedor do site Mais que Interessante, cujo dom\u00ednio \u00e9 https:\/\/maisqueinteressante.com.br\/ O portal Mais que Interessante \u00e9 uma plataforma que abrange uma variedade de conte\u00fados, incluindo not\u00edcias, insights esportivos, orienta\u00e7\u00f5es profissionais, ofertas exclusivas de vagas, servi\u00e7os, promo\u00e7\u00f5es e utilidades diversas.&hellip; Continue reading TERMOS E CONDI\u00c7\u00d5ES GERAIS DE USO","og_url":"https:\/\/maisqueinteressante.com.br\/it\/terms\/","og_site_name":"Mais Que Interessante","article_modified_time":"2024-02-26T20:16:04+00:00","twitter_card":"summary_large_image","twitter_misc":{"Est. reading time":"9 minuti"},"schema":{"@context":"https:\/\/schema.org","@graph":[{"@type":"WebSite","@id":"https:\/\/maisqueinteressante.com.br\/#website","url":"https:\/\/maisqueinteressante.com.br\/","name":"Mais Que Interessante","description":"","potentialAction":[{"@type":"SearchAction","target":{"@type":"EntryPoint","urlTemplate":"https:\/\/maisqueinteressante.com.br\/?s={search_term_string}"},"query-input":"required name=search_term_string"}],"inLanguage":"it-IT"},{"@type":"WebPage","@id":"https:\/\/maisqueinteressante.com.br\/terms\/#webpage","url":"https:\/\/maisqueinteressante.com.br\/terms\/","name":"TERMOS E CONDI\u00c7\u00d5ES GERAIS DE USO - Mais Que Interessante","isPartOf":{"@id":"https:\/\/maisqueinteressante.com.br\/#website"},"datePublished":"2024-02-02T22:16:27+00:00","dateModified":"2024-02-26T20:16:04+00:00","breadcrumb":{"@id":"https:\/\/maisqueinteressante.com.br\/terms\/#breadcrumb"},"inLanguage":"it-IT","potentialAction":[{"@type":"ReadAction","target":["https:\/\/maisqueinteressante.com.br\/terms\/"]}]},{"@type":"BreadcrumbList","@id":"https:\/\/maisqueinteressante.com.br\/terms\/#breadcrumb","itemListElement":[{"@type":"ListItem","position":1,"name":"Home","item":"https:\/\/maisqueinteressante.com.br\/"},{"@type":"ListItem","position":2,"name":"TERMOS E CONDI\u00c7\u00d5ES GERAIS DE USO"}]}]}},"_links":{"self":[{"href":"https:\/\/maisqueinteressante.com.br\/it\/wp-json\/wp\/v2\/pages\/6736"}],"collection":[{"href":"https:\/\/maisqueinteressante.com.br\/it\/wp-json\/wp\/v2\/pages"}],"about":[{"href":"https:\/\/maisqueinteressante.com.br\/it\/wp-json\/wp\/v2\/types\/page"}],"author":[{"embeddable":true,"href":"https:\/\/maisqueinteressante.com.br\/it\/wp-json\/wp\/v2\/users\/10"}],"replies":[{"embeddable":true,"href":"https:\/\/maisqueinteressante.com.br\/it\/wp-json\/wp\/v2\/comments?post=6736"}],"version-history":[{"count":0,"href":"https:\/\/maisqueinteressante.com.br\/it\/wp-json\/wp\/v2\/pages\/6736\/revisions"}],"wp:attachment":[{"href":"https:\/\/maisqueinteressante.com.br\/it\/wp-json\/wp\/v2\/media?parent=6736"}],"curies":[{"name":"wp","href":"https:\/\/api.w.org\/{rel}","templated":true}]}}