{"id":6737,"date":"2024-02-02T21:58:37","date_gmt":"2024-02-02T21:58:37","guid":{"rendered":"https:\/\/maisqueinteressante.com.br\/?page_id=6737"},"modified":"2024-05-14T14:22:39","modified_gmt":"2024-05-14T14:22:39","slug":"about","status":"publish","type":"page","link":"https:\/\/maisqueinteressante.com.br\/ro\/about\/","title":{"rendered":"Pe"},"content":{"rendered":"<div class=\"mx-5 sm:mx-0 prose leading-relaxed text-lg mb-5 text-left wp-paragraph\">\n<p>Bine a\u021bi venit la Mais Que Interessante, spa\u021biul nostru dedicat oferirii de sfaturi valoroase, informa\u021bii despre carier\u0103 \u0219i educa\u021bie, analize sportive, recenzii ale aplica\u021biilor interesante \u0219i o pic\u0103tur\u0103 de divertisment. Site-ul nostru web este o surs\u0103 de \u00eencredere pentru orientare \u00een carier\u0103, \u00eembun\u0103t\u0103\u021bire personal\u0103 \u0219i sfaturi practice pentru via\u021ba de zi cu zi. <\/p>\n<\/div><div class=\"mx-5 sm:mx-0 prose leading-relaxed text-lg mb-5 text-left wp-paragraph\">\n<p>Mai mult, ne ad\u00e2ncim \u00een universul aplica\u021biilor \u0219i al tendin\u021belor, aduc\u00e2nd analize, \u0219tiri \u0219i curiozit\u0103\u021bi despre diferite modalit\u0103\u021bi.<\/p>\n<\/div><div class=\"mx-5 sm:mx-0 prose leading-relaxed text-lg mb-5 text-left wp-paragraph\">\n<p>Dorim s\u0103 fim partenerul t\u0103u \u00een c\u0103utarea succesului profesional \u0219i personal, oferind con\u021binut relevant \u0219i inspirator care \u00ee\u021bi poate stimula traiectoria \u0219i \u00ee\u021bi poate face rutina mai u\u0219oar\u0103. <\/p>\n<\/div><div class=\"mx-5 sm:mx-0 prose leading-relaxed text-lg mb-5 text-left wp-paragraph\">\n<p>Al\u0103tura\u021bi-v\u0103 nou\u0103 \u00een aceast\u0103 c\u0103l\u0103torie de \u00eenv\u0103\u021bare \u0219i descoperire continu\u0103, \u00een care cuno\u0219tin\u021bele se \u00eent\u00e2lnesc cu divertismentul pentru a v\u0103 \u00eembog\u0103\u021bi via\u021ba \u00een fiecare aspect.<\/p>\n<\/div><!--advertisement--><div class=\"mx-5 sm:mx-0 sm:text-3xl text-2xl font-medium title-font mb-4 text-gray-900 text-left\">\n<h2 class=\"wp-block-heading\" id=\"h-nos-ajude-a-melhorar\">Ajuta\u021bi-ne s\u0103 \u00eembun\u0103t\u0103\u021bim!<\/h2>\n<\/div><div class=\"mx-5 sm:mx-0 prose leading-relaxed text-lg mb-5 text-left wp-paragraph\">\n<p>Ideile, comentariile \u0219i sugestiile dvs. sunt \u00eentotdeauna binevenite la Mais Que Interessante! Pentru a ne contacta, trimite mesajul tau <a style=\" color:;\" href=\"https:\/\/maisqueinteressante.com.br\/ro\/contact\/\">Aici<\/a>. <\/p>\n<\/div>","protected":false},"excerpt":{"rendered":"<p>Bun venit la Mais Que Interessante, spa\u021biul nostru dedicat oferirii de sfaturi valoroase, informa\u021bii despre carier\u0103 \u0219i educa\u021bie, analize sportive, recenzii ale aplica\u021biilor interesante \u0219i un strop de divertisment. Site-ul nostru este o surs\u0103 de \u00eencredere pentru \u00eendrumare \u00een carier\u0103, dezvoltare personal\u0103 \u0219i sfaturi practice pentru via\u021ba de zi cu zi. \u00cen plus, aprofund\u0103m lumea aplica\u021biilor\u2026 <a class=\"more-link\" href=\"https:\/\/maisqueinteressante.com.br\/ro\/about\/\">Cite\u0219te mai departe <span class=\"screen-reader-text\">Pe<\/span><\/a><\/p>","protected":false},"author":10,"featured_media":0,"parent":0,"menu_order":0,"comment_status":"closed","ping_status":"closed","template":"","meta":{"footnotes":""},"yoast_head":"<!-- This site is optimized with the Yoast SEO Premium plugin v18.7 (Yoast SEO v19.1) - https:\/\/yoast.com\/wordpress\/plugins\/seo\/ -->\n<title>Sobre - Mais Que Interessante<\/title>\n<meta name=\"robots\" content=\"index, follow, max-snippet:-1, max-image-preview:large, max-video-preview:-1\" \/>\n<link rel=\"canonical\" href=\"https:\/\/maisqueinteressante.com.br\/ro\/about\/\" \/>\n<meta property=\"og:locale\" content=\"ro_RO\" \/>\n<meta property=\"og:type\" content=\"article\" \/>\n<meta property=\"og:title\" content=\"Sobre\" \/>\n<meta property=\"og:description\" content=\"Bem-vindo ao Mais Que Interessante, nosso espa\u00e7o dedicado a oferecer dicas valiosas, insights sobre carreira e educa\u00e7\u00e3o, an\u00e1lises esportivas, reviews de apps interessantes e uma pitada de entretenimento. Nosso site \u00e9 uma fonte confi\u00e1vel para orienta\u00e7\u00f5es sobre carreira, aprimoramento pessoal, e dicas pr\u00e1ticas para o dia a dia. Al\u00e9m disso, mergulhamos no universo dos apps&hellip; Continue reading Sobre\" \/>\n<meta property=\"og:url\" content=\"https:\/\/maisqueinteressante.com.br\/ro\/about\/\" \/>\n<meta property=\"og:site_name\" content=\"Mais Que Interessante\" \/>\n<meta property=\"article:modified_time\" content=\"2024-05-14T14:22:39+00:00\" \/>\n<meta name=\"twitter:card\" content=\"summary_large_image\" \/>\n<meta name=\"twitter:label1\" content=\"Est. reading time\" \/>\n\t<meta name=\"twitter:data1\" content=\"1 minut\" \/>\n<script type=\"application\/ld+json\" class=\"yoast-schema-graph\">{\"@context\":\"https:\/\/schema.org\",\"@graph\":[{\"@type\":\"WebSite\",\"@id\":\"https:\/\/maisqueinteressante.com.br\/#website\",\"url\":\"https:\/\/maisqueinteressante.com.br\/\",\"name\":\"Mais Que Interessante\",\"description\":\"\",\"potentialAction\":[{\"@type\":\"SearchAction\",\"target\":{\"@type\":\"EntryPoint\",\"urlTemplate\":\"https:\/\/maisqueinteressante.com.br\/?s={search_term_string}\"},\"query-input\":\"required name=search_term_string\"}],\"inLanguage\":\"ro-RO\"},{\"@type\":\"WebPage\",\"@id\":\"https:\/\/maisqueinteressante.com.br\/about\/#webpage\",\"url\":\"https:\/\/maisqueinteressante.com.br\/about\/\",\"name\":\"Sobre - Mais Que Interessante\",\"isPartOf\":{\"@id\":\"https:\/\/maisqueinteressante.com.br\/#website\"},\"datePublished\":\"2024-02-02T21:58:37+00:00\",\"dateModified\":\"2024-05-14T14:22:39+00:00\",\"breadcrumb\":{\"@id\":\"https:\/\/maisqueinteressante.com.br\/about\/#breadcrumb\"},\"inLanguage\":\"ro-RO\",\"potentialAction\":[{\"@type\":\"ReadAction\",\"target\":[\"https:\/\/maisqueinteressante.com.br\/about\/\"]}]},{\"@type\":\"BreadcrumbList\",\"@id\":\"https:\/\/maisqueinteressante.com.br\/about\/#breadcrumb\",\"itemListElement\":[{\"@type\":\"ListItem\",\"position\":1,\"name\":\"Home\",\"item\":\"https:\/\/maisqueinteressante.com.br\/\"},{\"@type\":\"ListItem\",\"position\":2,\"name\":\"Sobre\"}]}]}<\/script>\n<!-- \/ Yoast SEO Premium plugin. -->","yoast_head_json":{"title":"Sobre - Mais Que Interessante","robots":{"index":"index","follow":"follow","max-snippet":"max-snippet:-1","max-image-preview":"max-image-preview:large","max-video-preview":"max-video-preview:-1"},"canonical":"https:\/\/maisqueinteressante.com.br\/ro\/about\/","og_locale":"ro_RO","og_type":"article","og_title":"Sobre","og_description":"Bem-vindo ao Mais Que Interessante, nosso espa\u00e7o dedicado a oferecer dicas valiosas, insights sobre carreira e educa\u00e7\u00e3o, an\u00e1lises esportivas, reviews de apps interessantes e uma pitada de entretenimento. Nosso site \u00e9 uma fonte confi\u00e1vel para orienta\u00e7\u00f5es sobre carreira, aprimoramento pessoal, e dicas pr\u00e1ticas para o dia a dia. Al\u00e9m disso, mergulhamos no universo dos apps&hellip; Continue reading Sobre","og_url":"https:\/\/maisqueinteressante.com.br\/ro\/about\/","og_site_name":"Mais Que Interessante","article_modified_time":"2024-05-14T14:22:39+00:00","twitter_card":"summary_large_image","twitter_misc":{"Est. reading time":"1 minut"},"schema":{"@context":"https:\/\/schema.org","@graph":[{"@type":"WebSite","@id":"https:\/\/maisqueinteressante.com.br\/#website","url":"https:\/\/maisqueinteressante.com.br\/","name":"Mais Que Interessante","description":"","potentialAction":[{"@type":"SearchAction","target":{"@type":"EntryPoint","urlTemplate":"https:\/\/maisqueinteressante.com.br\/?s={search_term_string}"},"query-input":"required name=search_term_string"}],"inLanguage":"ro-RO"},{"@type":"WebPage","@id":"https:\/\/maisqueinteressante.com.br\/about\/#webpage","url":"https:\/\/maisqueinteressante.com.br\/about\/","name":"Sobre - Mais Que Interessante","isPartOf":{"@id":"https:\/\/maisqueinteressante.com.br\/#website"},"datePublished":"2024-02-02T21:58:37+00:00","dateModified":"2024-05-14T14:22:39+00:00","breadcrumb":{"@id":"https:\/\/maisqueinteressante.com.br\/about\/#breadcrumb"},"inLanguage":"ro-RO","potentialAction":[{"@type":"ReadAction","target":["https:\/\/maisqueinteressante.com.br\/about\/"]}]},{"@type":"BreadcrumbList","@id":"https:\/\/maisqueinteressante.com.br\/about\/#breadcrumb","itemListElement":[{"@type":"ListItem","position":1,"name":"Home","item":"https:\/\/maisqueinteressante.com.br\/"},{"@type":"ListItem","position":2,"name":"Sobre"}]}]}},"_links":{"self":[{"href":"https:\/\/maisqueinteressante.com.br\/ro\/wp-json\/wp\/v2\/pages\/6737"}],"collection":[{"href":"https:\/\/maisqueinteressante.com.br\/ro\/wp-json\/wp\/v2\/pages"}],"about":[{"href":"https:\/\/maisqueinteressante.com.br\/ro\/wp-json\/wp\/v2\/types\/page"}],"author":[{"embeddable":true,"href":"https:\/\/maisqueinteressante.com.br\/ro\/wp-json\/wp\/v2\/users\/10"}],"replies":[{"embeddable":true,"href":"https:\/\/maisqueinteressante.com.br\/ro\/wp-json\/wp\/v2\/comments?post=6737"}],"version-history":[{"count":0,"href":"https:\/\/maisqueinteressante.com.br\/ro\/wp-json\/wp\/v2\/pages\/6737\/revisions"}],"wp:attachment":[{"href":"https:\/\/maisqueinteressante.com.br\/ro\/wp-json\/wp\/v2\/media?parent=6737"}],"curies":[{"name":"wp","href":"https:\/\/api.w.org\/{rel}","templated":true}]}}